{"id":2,"date":"2017-04-10T06:29:09","date_gmt":"2017-04-10T06:29:09","guid":{"rendered":"http:\/\/empirecityhcmc.com\/?page_id=2"},"modified":"2025-04-10T04:14:43","modified_gmt":"2025-04-10T04:14:43","slug":"trang-chu","status":"publish","type":"page","link":"https:\/\/empirecityhcmc.com\/en\/","title":{"rendered":"Empire City &#8211; Luxury apartment at Thu Thiem, District 2, Thu Duc City"},"content":{"rendered":"<p>Empire City is a 14.5 hectare complex development with prime and waterfront location in Thu Thiem New Urban Area. The project features an 86-storey building, a five-star hotel, a shopping mall, office buildings, high-end apartments and shop houses. Empire City is developed as a city-within-city, providing its residents with a quality Live-Work-Play environment.<\/p>\n<p><img title=\"Empire-City.jpg\" src=\"https:\/\/prohouse.com.vn\/getattachment\/Featured-Projects\/EMPIRE-CITY\/Empire-City.jpg.aspx\" alt=\"Empire-City.jpg\" \/><\/p>\n<div><\/div>\n<div class=\"single_info\">\n<table border=\"0\" cellspacing=\"5\" cellpadding=\"2\">\n<tbody>\n<tr>\n<td class=\"col1_title\">Property Name:<\/td>\n<td>Empire City<\/td>\n<\/tr>\n<tr>\n<td class=\"col1_title\">Property Type:<\/td>\n<td>Mixed-use development<\/td>\n<\/tr>\n<tr>\n<td class=\"col1_title\">Location:<\/td>\n<td>Functional Area 2 (Area 2B) Thu Thiem New Urban Township, Thu Thiem Ward, D.2, HCMC, along Mai Chi Tho Street and the Saigon River, connected to D.7, D.1, D.9, and D.Binh Thanh<\/td>\n<\/tr>\n<tr>\n<td class=\"col1_title\">Price:<\/td>\n<td>From US$ 2,800\/sqm<\/td>\n<\/tr>\n<tr>\n<td class=\"col1_title\">Land Area:<\/td>\n<td>14.6 hectares<\/td>\n<\/tr>\n<tr>\n<td class=\"col1_title\">Status:<\/td>\n<td>Under Construction<\/td>\n<\/tr>\n<tr>\n<td class=\"col1_title\">Unit size:<\/td>\n<td>\n<div>\u2022 1 Bedroom: 50 \u2013 60sqm<\/div>\n<p>&nbsp;<\/p>\n<div>\u2022 2 Bedroom: 90 \u2013 100sqm<\/div>\n<p>&nbsp;<\/p>\n<div>\u2022 3 Bedroom: 120 \u2013 150sqm<\/div>\n<p>&nbsp;<\/p>\n<div>\u2022 4 Bedroom: 160 \u2013 170sqm<\/div>\n<p>&nbsp;<\/p>\n<div>\u2022 Duplex: 160sqm<\/div>\n<p>&nbsp;<\/p>\n<div>\u2022 Penthouse: 300sqm<\/div>\n<\/td>\n<\/tr>\n<tr>\n<td class=\"col1_title\">Year Completed:<\/td>\n<td>Q2\/2020 (Linden Residences)<\/td>\n<\/tr>\n<tr>\n<td class=\"col1_title\">No. of Unit:<\/td>\n<td>Total: 3,700 units, first launch: 500 units<\/td>\n<\/tr>\n<tr>\n<td class=\"col1_title\">Facilities:<\/td>\n<td>\n<div>Swimming pool &amp; deck with sun lounges<\/div>\n<p>&nbsp;<\/p>\n<div>Garden lounges, sitting area<\/div>\n<p>&nbsp;<\/p>\n<div>Indoor &amp; outdoor children&#8217;s playgrounds<\/div>\n<p>&nbsp;<\/p>\n<div>BBQ pavilions, Outdoor fitness corner, Tennis court<\/div>\n<p>&nbsp;<\/p>\n<div>Jogging track, Central square, Multi-purpose room<\/div>\n<p>&nbsp;<\/p>\n<div>Gymnasium<\/div>\n<p>&nbsp;<\/p>\n<div>Exclusive entertainment lounge<\/div>\n<p>&nbsp;<\/p>\n<div>A collection of engaging F&amp;B concepts<\/div>\n<p>&nbsp;<\/p>\n<div>Premier retail concepts along Central Square<\/div>\n<\/td>\n<\/tr>\n<tr>\n<td class=\"col1_title\">Parking Space:<\/td>\n<td>1 car park lot per unit<\/td>\n<\/tr>\n<tr>\n<td class=\"col1_title\">Developer:<\/td>\n<td>Tien Phuoc Real Estate JSC, Keppel Land (Singapore), Gaw Capital Partners (Hong Kong) &amp; Tran Thai Real Estate Co. Ltd<\/td>\n<\/tr>\n<\/tbody>\n<\/table>\n<\/div>\n<div>To be known as \u201cEmpire City,\u201d the development aims to embody \u201ca symbiotic vision of nature and living\u201d within the space of <a href=\"https:\/\/www.archdaily.com\/tag\/vietnam\">Vietnam<\/a>\u2019s capital city<br \/>\nLocated on a central peninsula of the Saigon River, the mixed-use complex will be an integrated environment containing spaces for living, working and enjoying culture and entertainment. From the terraced podium, three towers will rise, including the iconic central Empire 88 Tower that will reach a height of 333 meters (1,093 feet). The tower will contain a variety of program types itself, encompassing residences, apartments, a hotel, a public observation deck and an undulating landscape known as the \u201cSky Forest.\u201d<img title=\"Empire-City-12.jpg\" src=\"https:\/\/prohouse.com.vn\/getattachment\/Featured-Projects\/EMPIRE-CITY\/Empire-City-12.jpg.aspx\" alt=\"Empire-City-12.jpg\" \/>The design of the podium is inspired by the landscape of\u00a0<a href=\"https:\/\/www.archdaily.com\/tag\/vietnam\">Vietnam<\/a>, with its hilly countryside and terraced rice fields. A series of open spaces will link the public program within, including co-working spaces, commercial areas and recreational environments.<br \/>\nThe project is being developed by Empire City Limited Liability Company, a joint venture between some of\u00a0<a href=\"https:\/\/www.archdaily.com\/tag\/vietnam\">Vietnam<\/a>\u2019s largest real estate companies. A timeline for the project has yet to be announced.<img title=\"Empire-City-1.jpg\" src=\"https:\/\/prohouse.com.vn\/getattachment\/Featured-Projects\/EMPIRE-CITY\/Empire-City-1.jpg.aspx\" alt=\"Empire-City-1.jpg\" \/>The project is developed by Empire City Limited Liability Company, a multi-national joint venture of prominent names in real estate development in Vietnam, Singapore and Hong Kong \u2013 Tien Phuoc Real Estate JSC, Keppel Land Ltd., Gaw Capital Partners and Tran Thai Lands Co., Ltd.<\/div>\n<div><\/div>\n<div>Video Empire City<\/div>\n<div><\/div>\n<p><iframe loading=\"lazy\" src=\"https:\/\/www.youtube.com\/embed\/zyhRBh0wYsU\" width=\"560\" height=\"315\" frameborder=\"0\" allowfullscreen=\"allowfullscreen\"><\/iframe><\/p>","protected":false},"excerpt":{"rendered":"<p>Empire City is a 14.5 hectare complex development with prime and waterfront location in Thu Thiem New Urban Area. The project features an 86-storey building, a five-star hotel, a shopping mall, office buildings, high-end apartments and shop houses. Empire City is developed as a city-within-city, providing its residents with a quality Live-Work-Play environment. Property Name: &hellip; <\/p>\n<p class=\"link-more\"><a href=\"https:\/\/empirecityhcmc.com\/en\/\" class=\"more-link\">Continue reading<span class=\"screen-reader-text\"> &#8220;Empire City &#8211; Luxury apartment at Thu Thiem, District 2, Thu Duc City&#8221;<\/span><\/a><\/p>\n","protected":false},"author":1,"featured_media":308,"parent":0,"menu_order":19,"comment_status":"closed","ping_status":"open","template":"","meta":[],"yoast_head":"<!-- This site is optimized with the Yoast SEO plugin v16.2 - https:\/\/yoast.com\/wordpress\/plugins\/seo\/ -->\n<title>Empire city apartment for rent and sale | Newly updated<\/title>\n<meta name=\"description\" content=\"Empire City - a 14.5 hectare complex in Thu Thiem new uban area, District 2, Thu Duc City and waterfont of Saigon River. Updated 100% Empire City apartment for rent, Empire City apartment for sale, lowest price, professional service.\" \/>\n<meta name=\"robots\" content=\"index, follow, max-snippet:-1, max-image-preview:large, max-video-preview:-1\" \/>\n<link rel=\"canonical\" href=\"https:\/\/empirecityhcmc.com\/\" \/>\n<meta property=\"og:locale\" content=\"en_US\" \/>\n<meta property=\"og:type\" content=\"article\" \/>\n<meta property=\"og:title\" content=\"Empire city apartment for rent and sale | Newly updated\" \/>\n<meta property=\"og:description\" content=\"{:vi} Empire City - D\u1ef1 \u00e1n r\u1ed9ng 14.5 hecta trong Khu \u0111\u00f4 th\u1ecb m\u1edbi Th\u1ee7 Thi\u00eam, Qu\u1eadn 2, TP. Th\u1ee7 \u0110\u1ee9c v\u00e0 m\u1eb7t ti\u1ec1n s\u00f4ng S\u00e0i G\u00f2n. C\u1eadp nh\u1eadt 100% c\u0103n h\u1ed9 Empire City b\u00e1n, c\u0103n h\u1ed9 Empire City cho thu\u00ea, gi\u00e1 t\u1ed1t nh\u1ea5t, d\u1ecbch v\u1ee5 chuy\u00ean nghi\u1ec7p {:en}Empire City - a 14.5 hectare complex in Thu Thiem new uban area, District 2, Thu Duc City and waterfont of Saigon River. Updated 100% Empire City apartment for rent, Empire City apartment for sale, lowest price, professional service.{:zh}Empire City - \u8d8a\u5357\u80e1\u5fd7\u660e\u5e02\u7b2c\u4e8c\u90e1\u5b88\u6dfb\u533a\u9ad8\u7aef\u516c\u5bd3\u9879\u76ee\u7b80\u4ecb\uff1a\u5e1d\u56fd\u57ce\u5e02\u5c06\u91cd\u65b0\u5b9a\u4e49\u73b0\u4ee3\u90fd\u5e02\u751f\u6d3b\u54c1\u8d28\uff0c\u5f7b\u5e95\u544a\u522b\u4ea4\u901a\u62e5\u5835\u3001\u57fa\u7840\u8bbe\u65bd\u4e0d\u8db3\u3001\u53c2\u5dee\u4e0d\u9f50\u7684\u5efa\u7b51\u548c\u72ed\u7a84\u7684\u5c45\u4f4f\u7a7a\u95f4\u3002\u4eab\u53d7\u4fbf\u6377\u8fde\u63a5\u7684\u73b0\u4ee3\u90fd\u5e02\u751f\u6d3b\uff0c\u4ec5\u97005\u5206\u949f\u5373\u53ef\u5230\u8fbe\u73b0\u6709\u7684\u7b2c\u4e00\u90e1\u4e2d\u5fc3\u533a\u3002\u878d\u5165\u5145\u6ee1\u6d3b\u529b\u7684\u751f\u6d3b\u8282\u594f\uff0c\u8ba9\u6bcf\u4e00\u5929\u90fd\u6210\u4e3a\u4e00\u573a\u7cbe\u5f69\u7684\u5192\u9669\u3002{:}\" \/>\n<meta property=\"og:url\" content=\"https:\/\/empirecityhcmc.com\/\" \/>\n<meta property=\"og:site_name\" content=\"Empire city apartment for rent and sale | Newly updated\" \/>\n<meta property=\"article:modified_time\" content=\"2025-04-10T04:14:43+00:00\" \/>\n<meta property=\"og:image\" content=\"https:\/\/empirecityhcmc.com\/wp-content\/uploads\/2019\/11\/cove-residences-facade-OfY200.jpg\" \/>\n\t<meta property=\"og:image:width\" content=\"811\" \/>\n\t<meta property=\"og:image:height\" content=\"1000\" \/>\n<meta name=\"twitter:card\" content=\"summary\" \/>\n<meta name=\"twitter:label1\" content=\"Est. reading time\">\n\t<meta name=\"twitter:data1\" content=\"1 minute\">\n<script type=\"application\/ld+json\" class=\"yoast-schema-graph\">{\"@context\":\"https:\/\/schema.org\",\"@graph\":[{\"@type\":\"WebSite\",\"@id\":\"https:\/\/empirecityhcmc.com\/#website\",\"url\":\"https:\/\/empirecityhcmc.com\/\",\"name\":\"Empire city apartment for rent and sale | Newly updated\",\"description\":\"Apartment for rent in Empire City, apartment for sale in Empire City, full information, price and layout, free professional real estate service\",\"potentialAction\":[{\"@type\":\"SearchAction\",\"target\":\"https:\/\/empirecityhcmc.com\/?s={search_term_string}\",\"query-input\":\"required name=search_term_string\"}],\"inLanguage\":\"en-US\"},{\"@type\":\"ImageObject\",\"@id\":\"https:\/\/empirecityhcmc.com\/#primaryimage\",\"inLanguage\":\"en-US\",\"url\":\"https:\/\/empirecityhcmc.com\/wp-content\/uploads\/2019\/11\/cove-residences-facade-OfY200.jpg\",\"contentUrl\":\"https:\/\/empirecityhcmc.com\/wp-content\/uploads\/2019\/11\/cove-residences-facade-OfY200.jpg\",\"width\":811,\"height\":1000},{\"@type\":\"WebPage\",\"@id\":\"https:\/\/empirecityhcmc.com\/#webpage\",\"url\":\"https:\/\/empirecityhcmc.com\/\",\"name\":\"Empire city apartment for rent and sale | Newly updated\",\"isPartOf\":{\"@id\":\"https:\/\/empirecityhcmc.com\/#website\"},\"primaryImageOfPage\":{\"@id\":\"https:\/\/empirecityhcmc.com\/#primaryimage\"},\"datePublished\":\"2017-04-10T06:29:09+00:00\",\"dateModified\":\"2025-04-10T04:14:43+00:00\",\"description\":\"{:vi} Empire City - D\\u1ef1 \\u00e1n r\\u1ed9ng 14.5 hecta trong Khu \\u0111\\u00f4 th\\u1ecb m\\u1edbi Th\\u1ee7 Thi\\u00eam, Qu\\u1eadn 2, TP. Th\\u1ee7 \\u0110\\u1ee9c v\\u00e0 m\\u1eb7t ti\\u1ec1n s\\u00f4ng S\\u00e0i G\\u00f2n. C\\u1eadp nh\\u1eadt 100% c\\u0103n h\\u1ed9 Empire City b\\u00e1n, c\\u0103n h\\u1ed9 Empire City cho thu\\u00ea, gi\\u00e1 t\\u1ed1t nh\\u1ea5t, d\\u1ecbch v\\u1ee5 chuy\\u00ean nghi\\u1ec7p {:en}Empire City - a 14.5 hectare complex in Thu Thiem new uban area, District 2, Thu Duc City and waterfont of Saigon River. Updated 100% Empire City apartment for rent, Empire City apartment for sale, lowest price, professional service.{:zh}Empire City - \\u8d8a\\u5357\\u80e1\\u5fd7\\u660e\\u5e02\\u7b2c\\u4e8c\\u90e1\\u5b88\\u6dfb\\u533a\\u9ad8\\u7aef\\u516c\\u5bd3\\u9879\\u76ee\\u7b80\\u4ecb\\uff1a\\u5e1d\\u56fd\\u57ce\\u5e02\\u5c06\\u91cd\\u65b0\\u5b9a\\u4e49\\u73b0\\u4ee3\\u90fd\\u5e02\\u751f\\u6d3b\\u54c1\\u8d28\\uff0c\\u5f7b\\u5e95\\u544a\\u522b\\u4ea4\\u901a\\u62e5\\u5835\\u3001\\u57fa\\u7840\\u8bbe\\u65bd\\u4e0d\\u8db3\\u3001\\u53c2\\u5dee\\u4e0d\\u9f50\\u7684\\u5efa\\u7b51\\u548c\\u72ed\\u7a84\\u7684\\u5c45\\u4f4f\\u7a7a\\u95f4\\u3002\\u4eab\\u53d7\\u4fbf\\u6377\\u8fde\\u63a5\\u7684\\u73b0\\u4ee3\\u90fd\\u5e02\\u751f\\u6d3b\\uff0c\\u4ec5\\u97005\\u5206\\u949f\\u5373\\u53ef\\u5230\\u8fbe\\u73b0\\u6709\\u7684\\u7b2c\\u4e00\\u90e1\\u4e2d\\u5fc3\\u533a\\u3002\\u878d\\u5165\\u5145\\u6ee1\\u6d3b\\u529b\\u7684\\u751f\\u6d3b\\u8282\\u594f\\uff0c\\u8ba9\\u6bcf\\u4e00\\u5929\\u90fd\\u6210\\u4e3a\\u4e00\\u573a\\u7cbe\\u5f69\\u7684\\u5192\\u9669\\u3002{:}\",\"breadcrumb\":{\"@id\":\"https:\/\/empirecityhcmc.com\/#breadcrumb\"},\"inLanguage\":\"en-US\",\"potentialAction\":[{\"@type\":\"ReadAction\",\"target\":[\"https:\/\/empirecityhcmc.com\/\"]}]},{\"@type\":\"BreadcrumbList\",\"@id\":\"https:\/\/empirecityhcmc.com\/#breadcrumb\",\"itemListElement\":[{\"@type\":\"ListItem\",\"position\":1,\"item\":{\"@type\":\"WebPage\",\"@id\":\"https:\/\/empirecityhcmc.com\/\",\"url\":\"https:\/\/empirecityhcmc.com\/\",\"name\":\"Trang ch\\u1ee7\"}},{\"@type\":\"ListItem\",\"position\":2,\"item\":{\"@id\":\"https:\/\/empirecityhcmc.com\/#webpage\"}}]}]}<\/script>\n<!-- \/ Yoast SEO plugin. -->","_links":{"self":[{"href":"https:\/\/empirecityhcmc.com\/en\/wp-json\/wp\/v2\/pages\/2"}],"collection":[{"href":"https:\/\/empirecityhcmc.com\/en\/wp-json\/wp\/v2\/pages"}],"about":[{"href":"https:\/\/empirecityhcmc.com\/en\/wp-json\/wp\/v2\/types\/page"}],"author":[{"embeddable":true,"href":"https:\/\/empirecityhcmc.com\/en\/wp-json\/wp\/v2\/users\/1"}],"replies":[{"embeddable":true,"href":"https:\/\/empirecityhcmc.com\/en\/wp-json\/wp\/v2\/comments?post=2"}],"version-history":[{"count":0,"href":"https:\/\/empirecityhcmc.com\/en\/wp-json\/wp\/v2\/pages\/2\/revisions"}],"wp:featuredmedia":[{"embeddable":true,"href":"https:\/\/empirecityhcmc.com\/en\/wp-json\/wp\/v2\/media\/308"}],"wp:attachment":[{"href":"https:\/\/empirecityhcmc.com\/en\/wp-json\/wp\/v2\/media?parent=2"}],"curies":[{"name":"wp","href":"https:\/\/api.w.org\/{rel}","templated":true}]}}