{"id":18,"date":"2019-09-30T02:26:48","date_gmt":"2019-09-30T02:26:48","guid":{"rendered":"http:\/\/empirecityhcmc.com\/?page_id=18"},"modified":"2026-02-25T09:26:44","modified_gmt":"2026-02-25T09:26:44","slug":"empire-city-for-rent","status":"publish","type":"page","link":"https:\/\/empirecityhcmc.com\/zh\/empire-city-for-rent-cn\/","title":{"rendered":"\u51fa\u79df\u516c\u5bd3"},"content":{"rendered":"<p>\u5728\u5145\u6ee1\u6d3b\u529b\u7684\u5b88\u6dfb\u65b0\u533a\uff0c\u6211\u4eec\u4e3a\u60a8\u5448\u73b0\u5c0a\u8d35\u7684\u5e1d\u56fd\u57ce\u516c\u5bd3\u79df\u8d41\u9879\u76ee\uff0c\u4ee5\u73b0\u4ee3\u4f18\u96c5\u4e0e\u8212\u9002\u4e3a\u6838\u5fc3\u8bbe\u8ba1\u7406\u5ff5\uff0c\u52a9\u60a8\u4f53\u9a8c\u80e1\u5fd7\u660e\u5e02\u6700\u5177\u6d3b\u529b\u533a\u57df\u7684\u975e\u51e1\u751f\u6d3b\u65b9\u5f0f\u3002<\/p>\n<p>\u9009\u62e9\u5b88\u6dfb\u5e1d\u56fd\u57ce\u516c\u5bd3\u7684\u5341\u5927\u7406\u7531<\/p>\n<p>\u9ec4\u91d1\u5730\u6bb5<\/p>\n<p>\u5750\u5b88\u671b\u5b88\u6dfb\u6838\u5fc3\u533a\uff0c\u8f7b\u677e\u62b5\u8fbe\u4e2d\u592e\u5546\u52a1\u533a\u3001\u6587\u5316\u5730\u6807\u4e0e\u751f\u6d3b\u914d\u5957\u3002\u4f18\u8d8a\u4f4d\u7f6e\u786e\u4fdd\u901a\u52e4\u4fbf\u5229\uff0c\u6bd7\u90bb\u9876\u5c16\u5b66\u5e9c\u3001\u8d2d\u7269\u4e2d\u5fc3\u53ca\u533b\u7597\u8bbe\u65bd\u3002<\/p>\n<p>\u58ee\u4e3d\u6cb3\u666f<\/p>\n<p>\u591a\u6570\u516c\u5bd3\u53ef\u9971\u89c8\u897f\u8d21\u6cb3\u5168\u666f\uff0c\u79c1\u4eab\u5b81\u9759\u5982\u753b\u7684\u6c34\u5cb8\u751f\u6d3b\u3002<\/p>\n<p>\u73b0\u4ee3\u4f18\u96c5\u8bbe\u8ba1<\/p>\n<p>\u6bcf\u5957\u516c\u5bd3\u5747\u91c7\u7528\u5f53\u4ee3\u7f8e\u5b66\u8bbe\u8ba1\uff0c\u914d\u5907\u9ad8\u7aef\u5efa\u6750\u4e0e\u667a\u80fd\u5bb6\u7535\u3002\u5f00\u9614\u5e03\u5c40\u4e0e\u5145\u6c9b\u91c7\u5149\uff0c\u9002\u914d\u591a\u5143\u751f\u6d3b\u65b9\u5f0f\u3002<\/p>\n<p>\u4e16\u754c\u7ea7\u914d\u5957\u8bbe\u65bd<\/p>\n<p>\u5c3d\u4eab\u65e0\u8fb9\u9645\u6cf3\u6c60\u3001\u5168\u914d\u7f6e\u5065\u8eab\u4e2d\u5fc3\u3001\u666f\u89c2\u82b1\u56ed\u3001\u4f4f\u6237\u793e\u4ea4 lounge \u53ca\u4e13\u5c5e\u793c\u5bbe\u670d\u52a1\uff0c\u6ee1\u8db3\u54c1\u8d28\u751f\u6d3b\u6240\u9700\u3002<\/p>\n<p>\u6d3b\u529b\u793e\u533a<\/p>\n<p>\u591a\u5143\u793e\u7fa4\u5b9a\u671f\u4e3e\u529e\u793e\u4ea4\u6d3b\u52a8\uff0c\u8425\u9020\u5f52\u5c5e\u611f\uff0c\u63d0\u5347\u5c45\u4f4f\u4f53\u9a8c\u3002<\/p>\n<p>\u5168\u5929\u5019\u5b89\u5168\u4fdd\u969c<\/p>\n<p>24\u5c0f\u65f6\u5b89\u4fdd\u4e0e\u667a\u80fd\u5b89\u9632\u7cfb\u7edf\uff0c\u4e3a\u4f4f\u6237\u63d0\u4f9b\u5b89\u5fc3\u73af\u5883\u3002<\/p>\n<p>\u9910\u996e\u5a31\u4e50\u8fd1\u5728\u54ab\u5c3a<\/p>\n<p>\u9879\u76ee\u53ca\u5468\u8fb9\u6c47\u805a\u9ad8\u7aef\u9910\u5385\u3001\u6f6e\u6d41\u5496\u5561\u9986\u3001\u7cbe\u54c1\u5e97\u4e0e\u591c\u751f\u6d3b\u573a\u6240\uff0c\u63a2\u7d22\u6c38\u65e0\u6b62\u5883\u3002<\/p>\n<p>\u4fbf\u6377\u751f\u6d3b\u670d\u52a1<\/p>\n<p>\u793c\u5bbe\u3001\u7ef4\u4fee\u7b49\u73b0\u4ee3\u670d\u52a1\u89e6\u624b\u53ef\u53ca\uff0c\u8ba9\u65e5\u5e38\u751f\u6d3b\u4ece\u5bb9\u65e0\u5fe7\u3002<\/p>\n<p>\u7eff\u8272\u53ef\u6301\u7eed\u7406\u5ff5<\/p>\n<p>\u793e\u533a\u878d\u5165\u751f\u6001\u8bbe\u8ba1\uff0c\u5021\u5bfc\u73af\u4fdd\u751f\u6d3b\u65b9\u5f0f\uff0c\u4e0e\u81ea\u7136\u548c\u8c10\u5171\u751f\u3002<\/p>\n<p>\u6295\u8d44\u54c1\u8d28\u4eba\u751f<\/p>\n<p>\u79df\u8d41\u5e1d\u56fd\u57ce\u516c\u5bd3\u5373\u662f\u5bf9\u4f18\u8d28\u751f\u6d3b\u7684\u6295\u8d44\u3002\u5962\u534e\u3001\u8212\u9002\u4e0e\u793e\u7fa4\u7684\u5b8c\u7f8e\u878d\u5408\uff0c\u5c06\u5168\u9762\u63d0\u5347\u60a8\u7684\u5e78\u798f\u611f\u3002<\/p>\n<p>\u5373\u523b\u4f53\u9a8c\u5b88\u6dfb\u5e1d\u56fd\u57ce\u7684\u5962\u9002\u751f\u6d3b<\/p>\n<p>\u65e0\u8bba\u60a8\u662f\u804c\u573a\u65b0\u9510\u3001\u6210\u957f\u5bb6\u5ead\uff0c\u8fd8\u662f\u8ffd\u6c42\u90fd\u4f1a\u8c27\u5883\u7684\u96c5\u4ed5\uff0c\u8fd9\u91cc\u7686\u4e3a\u7406\u60f3\u4e4b\u9009\u3002<\/p>\n<p>\u7acb\u5373\u9884\u7ea6\u770b\u623f\uff0c\u4eb2\u9274\u9ad8\u7aef\u79df\u8d41\u6807\u6746<\/p>\n<p>\u70ed\u7ebf: +84 908 280 203\uff08\u652f\u6301Zalo\/WhatsApp\/\u5fae\u4fe1\/Kakao Talk\u2026\uff09<\/p>\n<p>\u6b22\u8fce\u6765\u5230\u5b88\u6dfb\u5e1d\u56fd\u57ce\u2014\u2014\u91cd\u65b0\u5b9a\u4e49\u751f\u6d3b\u6807\u51c6\u3002<\/p>\n<p>&nbsp;<\/p>","protected":false},"excerpt":{"rendered":"<p>\u5728\u5145\u6ee1\u6d3b\u529b\u7684\u5b88\u6dfb\u65b0\u533a\uff0c\u6211\u4eec\u4e3a\u60a8\u5448\u73b0\u5c0a\u8d35\u7684\u5e1d\u56fd\u57ce\u516c\u5bd3\u79df\u8d41\u9879\u76ee\uff0c\u4ee5\u73b0\u4ee3\u4f18\u96c5\u4e0e\u8212\u9002\u4e3a\u6838\u5fc3\u8bbe\u8ba1\u7406\u5ff5\uff0c\u52a9\u60a8\u4f53\u9a8c\u80e1\u5fd7\u660e\u5e02\u6700 &hellip; <\/p>\n<p class=\"link-more\"><a href=\"https:\/\/empirecityhcmc.com\/zh\/empire-city-for-rent-cn\/\" class=\"more-link\">Continue reading<span class=\"screen-reader-text\"> &#8220;\u51fa\u79df\u516c\u5bd3&#8221;<\/span><\/a><\/p>\n","protected":false},"author":1,"featured_media":384,"parent":0,"menu_order":2,"comment_status":"closed","ping_status":"closed","template":"templates\/page-bds-rent.php","meta":[],"yoast_head":"<!-- This site is optimized with the Yoast SEO plugin v16.2 - https:\/\/yoast.com\/wordpress\/plugins\/seo\/ -->\n<title>Empire City \u51fa\u79df\u516c\u5bd3<\/title>\n<meta name=\"description\" content=\"\u5728\u5145\u6ee1\u6d3b\u529b\u7684\u5b88\u6dfb\u65b0\u533a\uff0c\u6211\u4eec\u4e3a\u60a8\u5448\u73b0\u5c0a\u8d35\u7684\u5e1d\u56fd\u57ce\u516c\u5bd3\u79df\u8d41\u9879\u76ee\uff0c\u4ee5\u73b0\u4ee3\u4f18\u96c5\u4e0e\u8212\u9002\u4e3a\u6838\u5fc3\u8bbe\u8ba1\u7406\u5ff5\uff0c\u52a9\u60a8\u4f53\u9a8c\u80e1\u5fd7\u660e\u5e02\u6700\u5177\u6d3b\u529b\u533a\u57df\u7684\u975e\u51e1\u751f\u6d3b\u65b9\u5f0f\u3002\u9009\u62e9\u5b88\u6dfb\u5e1d\u56fd\u57ce\u516c\u5bd3\u7684\u5341\u5927\u7406\u7531\" \/>\n<meta name=\"robots\" content=\"index, follow, max-snippet:-1, max-image-preview:large, max-video-preview:-1\" \/>\n<link rel=\"canonical\" href=\"https:\/\/empirecityhcmc.com\/empire-city-cho-thue\/\" \/>\n<meta property=\"og:locale\" content=\"zh_CN\" \/>\n<meta property=\"og:type\" content=\"article\" \/>\n<meta property=\"og:title\" content=\"{:vi}Empire City \u516c\u5bd3\u51fa\u79df\u53ca\u51fa\u552e | \u6700\u65b0\u66f4\u65b0 \u51fa\u79df\u516c\u5bd3 {:en} \u51fa\u79df\u516c\u5bd3 Empire City \u516c\u5bd3\u51fa\u79df\u53ca\u51fa\u552e | \u6700\u65b0\u66f4\u65b0 \u51fa\u79df\u516c\u5bd3 {:zh}Empire City \u51fa\u79df\u516c\u5bd3 {:}\" \/>\n<meta property=\"og:description\" content=\"{:vi}Danh s\u00e1ch to\u00e0n b\u1ed9 c\u0103n h\u1ed9 Empire City cho thu\u00ea. Gi\u00e1 thu\u00ea t\u1ed1t, c\u0103n h\u1ed9 view v\u00e0 v\u1ecb tr\u00ed \u0111\u1eb9p, n\u1ed9i th\u1ea5t \u0111\u1eb9p. Nhi\u1ec1u l\u1ef1a ch\u1ecdn, nhi\u00eau di\u1ec7n t\u00edch. 0908280293 (24\/7){:en}Listing of apartment for rent in Empire City Thu Thiem, District 2. Update available apartments with nice view, good location, beautiful furniture, many choices with different price range.{:zh}\u5728\u5145\u6ee1\u6d3b\u529b\u7684\u5b88\u6dfb\u65b0\u533a\uff0c\u6211\u4eec\u4e3a\u60a8\u5448\u73b0\u5c0a\u8d35\u7684\u5e1d\u56fd\u57ce\u516c\u5bd3\u79df\u8d41\u9879\u76ee\uff0c\u4ee5\u73b0\u4ee3\u4f18\u96c5\u4e0e\u8212\u9002\u4e3a\u6838\u5fc3\u8bbe\u8ba1\u7406\u5ff5\uff0c\u52a9\u60a8\u4f53\u9a8c\u80e1\u5fd7\u660e\u5e02\u6700\u5177\u6d3b\u529b\u533a\u57df\u7684\u975e\u51e1\u751f\u6d3b\u65b9\u5f0f\u3002\u9009\u62e9\u5b88\u6dfb\u5e1d\u56fd\u57ce\u516c\u5bd3\u7684\u5341\u5927\u7406\u7531{:}\" \/>\n<meta property=\"og:url\" content=\"https:\/\/empirecityhcmc.com\/empire-city-cho-thue\/\" \/>\n<meta property=\"og:site_name\" content=\"Empire City \u516c\u5bd3\u51fa\u79df\u53ca\u51fa\u552e | \u6700\u65b0\u66f4\u65b0\" \/>\n<meta property=\"article:modified_time\" content=\"2026-02-25T09:26:44+00:00\" \/>\n<meta property=\"og:image\" content=\"https:\/\/empirecityhcmc.com\/wp-content\/uploads\/2019\/11\/Empire-City-3-1.jpg\" \/>\n\t<meta property=\"og:image:width\" content=\"1582\" \/>\n\t<meta property=\"og:image:height\" content=\"961\" \/>\n<meta name=\"twitter:card\" content=\"summary\" \/>\n<meta name=\"twitter:label1\" content=\"\u9884\u8ba1\u9605\u8bfb\u65f6\u95f4\">\n\t<meta name=\"twitter:data1\" content=\"1\u5206\">\n<script type=\"application\/ld+json\" class=\"yoast-schema-graph\">{\"@context\":\"https:\/\/schema.org\",\"@graph\":[{\"@type\":\"WebSite\",\"@id\":\"https:\/\/empirecityhcmc.com\/#website\",\"url\":\"https:\/\/empirecityhcmc.com\/\",\"name\":\"Empire City \\u516c\\u5bd3\\u51fa\\u79df\\u53ca\\u51fa\\u552e | \\u6700\\u65b0\\u66f4\\u65b0\",\"description\":\"Empire City \\u516c\\u5bd3\\u51fa\\u79df\\uff0cEmpire City \\u516c\\u5bd3\\u51fa\\u552e\\uff0c\\u5b8c\\u6574\\u4fe1\\u606f\\u3001\\u4ef7\\u683c\\u53ca\\u6237\\u578b\\u56fe\\uff0c\\u514d\\u8d39\\u4e13\\u4e1a\\u623f\\u5730\\u4ea7\\u670d\\u52a1\",\"potentialAction\":[{\"@type\":\"SearchAction\",\"target\":\"https:\/\/empirecityhcmc.com\/?s={search_term_string}\",\"query-input\":\"required name=search_term_string\"}],\"inLanguage\":\"zh-CN\"},{\"@type\":\"ImageObject\",\"@id\":\"https:\/\/empirecityhcmc.com\/empire-city-cho-thue\/#primaryimage\",\"inLanguage\":\"zh-CN\",\"url\":\"https:\/\/empirecityhcmc.com\/wp-content\/uploads\/2019\/11\/Empire-City-3-1.jpg\",\"contentUrl\":\"https:\/\/empirecityhcmc.com\/wp-content\/uploads\/2019\/11\/Empire-City-3-1.jpg\",\"width\":1582,\"height\":961},{\"@type\":\"WebPage\",\"@id\":\"https:\/\/empirecityhcmc.com\/empire-city-cho-thue\/#webpage\",\"url\":\"https:\/\/empirecityhcmc.com\/empire-city-cho-thue\/\",\"name\":\"{:vi}Empire City \\u516c\\u5bd3\\u51fa\\u79df\\u53ca\\u51fa\\u552e | \\u6700\\u65b0\\u66f4\\u65b0 \\u51fa\\u79df\\u516c\\u5bd3 {:en} \\u51fa\\u79df\\u516c\\u5bd3 Empire City \\u516c\\u5bd3\\u51fa\\u79df\\u53ca\\u51fa\\u552e | \\u6700\\u65b0\\u66f4\\u65b0 \\u51fa\\u79df\\u516c\\u5bd3 {:zh}Empire City \\u51fa\\u79df\\u516c\\u5bd3 {:}\",\"isPartOf\":{\"@id\":\"https:\/\/empirecityhcmc.com\/#website\"},\"primaryImageOfPage\":{\"@id\":\"https:\/\/empirecityhcmc.com\/empire-city-cho-thue\/#primaryimage\"},\"datePublished\":\"2019-09-30T02:26:48+00:00\",\"dateModified\":\"2026-02-25T09:26:44+00:00\",\"description\":\"{:vi}Danh s\\u00e1ch to\\u00e0n b\\u1ed9 c\\u0103n h\\u1ed9 Empire City cho thu\\u00ea. Gi\\u00e1 thu\\u00ea t\\u1ed1t, c\\u0103n h\\u1ed9 view v\\u00e0 v\\u1ecb tr\\u00ed \\u0111\\u1eb9p, n\\u1ed9i th\\u1ea5t \\u0111\\u1eb9p. Nhi\\u1ec1u l\\u1ef1a ch\\u1ecdn, nhi\\u00eau di\\u1ec7n t\\u00edch. 0908280293 (24\/7){:en}Listing of apartment for rent in Empire City Thu Thiem, District 2. Update available apartments with nice view, good location, beautiful furniture, many choices with different price range.{:zh}\\u5728\\u5145\\u6ee1\\u6d3b\\u529b\\u7684\\u5b88\\u6dfb\\u65b0\\u533a\\uff0c\\u6211\\u4eec\\u4e3a\\u60a8\\u5448\\u73b0\\u5c0a\\u8d35\\u7684\\u5e1d\\u56fd\\u57ce\\u516c\\u5bd3\\u79df\\u8d41\\u9879\\u76ee\\uff0c\\u4ee5\\u73b0\\u4ee3\\u4f18\\u96c5\\u4e0e\\u8212\\u9002\\u4e3a\\u6838\\u5fc3\\u8bbe\\u8ba1\\u7406\\u5ff5\\uff0c\\u52a9\\u60a8\\u4f53\\u9a8c\\u80e1\\u5fd7\\u660e\\u5e02\\u6700\\u5177\\u6d3b\\u529b\\u533a\\u57df\\u7684\\u975e\\u51e1\\u751f\\u6d3b\\u65b9\\u5f0f\\u3002\\u9009\\u62e9\\u5b88\\u6dfb\\u5e1d\\u56fd\\u57ce\\u516c\\u5bd3\\u7684\\u5341\\u5927\\u7406\\u7531{:}\",\"breadcrumb\":{\"@id\":\"https:\/\/empirecityhcmc.com\/empire-city-cho-thue\/#breadcrumb\"},\"inLanguage\":\"zh-CN\",\"potentialAction\":[{\"@type\":\"ReadAction\",\"target\":[\"https:\/\/empirecityhcmc.com\/empire-city-cho-thue\/\"]}]},{\"@type\":\"BreadcrumbList\",\"@id\":\"https:\/\/empirecityhcmc.com\/empire-city-cho-thue\/#breadcrumb\",\"itemListElement\":[{\"@type\":\"ListItem\",\"position\":1,\"item\":{\"@type\":\"WebPage\",\"@id\":\"https:\/\/empirecityhcmc.com\/\",\"url\":\"https:\/\/empirecityhcmc.com\/\",\"name\":\"Trang ch\\u1ee7\"}},{\"@type\":\"ListItem\",\"position\":2,\"item\":{\"@id\":\"https:\/\/empirecityhcmc.com\/empire-city-cho-thue\/#webpage\"}}]}]}<\/script>\n<!-- \/ Yoast SEO plugin. -->","_links":{"self":[{"href":"https:\/\/empirecityhcmc.com\/zh\/wp-json\/wp\/v2\/pages\/18"}],"collection":[{"href":"https:\/\/empirecityhcmc.com\/zh\/wp-json\/wp\/v2\/pages"}],"about":[{"href":"https:\/\/empirecityhcmc.com\/zh\/wp-json\/wp\/v2\/types\/page"}],"author":[{"embeddable":true,"href":"https:\/\/empirecityhcmc.com\/zh\/wp-json\/wp\/v2\/users\/1"}],"replies":[{"embeddable":true,"href":"https:\/\/empirecityhcmc.com\/zh\/wp-json\/wp\/v2\/comments?post=18"}],"version-history":[{"count":0,"href":"https:\/\/empirecityhcmc.com\/zh\/wp-json\/wp\/v2\/pages\/18\/revisions"}],"wp:featuredmedia":[{"embeddable":true,"href":"https:\/\/empirecityhcmc.com\/zh\/wp-json\/wp\/v2\/media\/384"}],"wp:attachment":[{"href":"https:\/\/empirecityhcmc.com\/zh\/wp-json\/wp\/v2\/media?parent=18"}],"curies":[{"name":"wp","href":"https:\/\/api.w.org\/{rel}","templated":true}]}}