{"id":9934,"date":"2024-11-08T09:25:39","date_gmt":"2024-11-08T09:25:39","guid":{"rendered":"https:\/\/empirecityhcmc.com\/?page_id=9934"},"modified":"2025-11-09T07:37:34","modified_gmt":"2025-11-09T07:37:34","slug":"narra-residences","status":"publish","type":"page","link":"https:\/\/empirecityhcmc.com\/zh\/empire-city-for-sale-cn\/apartment-for-sale-in-narra-residences-cn\/","title":{"rendered":"Narra Residences"},"content":{"rendered":"<p><\/p>\n<p class=\"ds-markdown-paragraph\"><a href=\"https:\/\/empirecityhcmc.com\/zh\/empire-city-for-sale-cn\/narra-residences\/\"><strong>Narra Residences<\/strong><\/a> &#8211; \u5c0a\u8d35\u751f\u6d3b\u6807\u51c6<\/p>\n<p class=\"ds-markdown-paragraph\"><a href=\"https:\/\/empirecityhcmc.com\/zh\/empire-city-for-sale-cn\/narra-residences\/\"><strong>Narra Residences<\/strong><\/a> \u81ea\u8c6a\u5730\u6210\u4e3a\u4e00\u4e2a\u9ad8\u7aef\u516c\u5bd3\u9879\u76ee\uff0c\u63d0\u4f9b\u7ecf\u5178\u4e14\u8bbe\u65bd\u9f50\u5168\u7684\u751f\u6d3b\u7a7a\u95f4\uff0c\u5efa\u7b51\u9762\u79ef\u8fbe 7,885 \u5e73\u65b9\u7c73\u3002\u8be5\u5efa\u7b51\u5305\u62ec 28 \u5c42\u5730\u4e0a\u697c\u5c42\u548c 2 \u5c42\u5730\u4e0b\u5ba4\uff0c\u914d\u5907\u73b0\u4ee3\u5316\u8bbe\u65bd\uff0c\u786e\u4fdd\u5c45\u6c11\u7684\u6700\u5927\u5b89\u5168\u548c\u4fbf\u5229\uff0c\u5305\u62ec 100% \u5907\u7528\u53d1\u7535\u673a\u548c\u51c0\u6c34\u7cfb\u7edf\u3002<\/p>\n<p class=\"ds-markdown-paragraph\"><strong>\u57fa\u672c\u4fe1\u606f<\/strong><\/p>\n<div class=\"ds-scroll-area _1210dd7 c03cafe9\">\n<table style=\"width: 100%; height: 540px;\">\n<thead>\n<tr style=\"height: 26px;\">\n<th style=\"height: 26px;\">\u7c7b\u522b<\/th>\n<th style=\"height: 26px;\">\u8be6\u60c5<\/th>\n<\/tr>\n<\/thead>\n<tbody>\n<tr style=\"height: 202px;\">\n<td style=\"height: 202px;\">\u6295\u8d44\u8005<\/td>\n<td style=\"height: 202px;\">\n<p class=\"ds-markdown-paragraph\">\u51ef\u5fb7\u7f6e\u5730 (\u65b0\u52a0\u5761) &#8211; Keppel Land (Singapore)<\/p>\n<p class=\"ds-markdown-paragraph\">\u57fa\u6c47\u8d44\u672c (\u9999\u6e2f) &#8211; Gaw Capital (Hong Kong)<\/p>\n<p class=\"ds-markdown-paragraph\">\u8fdb\u798f &#8211; Ti\u1ebfn Ph\u01b0\u1edbc<\/p>\n<p class=\"ds-markdown-paragraph\">\u9648\u6cf0 &#8211; Tr\u1ea7n Th\u00e1i<\/p>\n<\/td>\n<\/tr>\n<tr style=\"height: 26px;\">\n<td style=\"height: 26px;\">\u9879\u76ee<\/td>\n<td style=\"height: 26px;\"><a href=\"https:\/\/empirecityhcmc.com\/zh\/empire-city-for-sale-cn\/narra-residences\/\"><strong>Narra Residences<\/strong><\/a> \u662f Empire City \u9879\u76ee\u7684\u7b2c4\u4e2a\u5206\u533a<\/td>\n<\/tr>\n<tr style=\"height: 26px;\">\n<td style=\"height: 26px;\">\u5730\u5740<\/td>\n<td style=\"height: 26px;\">\u80e1\u5fd7\u660e\u5e02, \u5b89\u5e86\u574a, \u5b88\u6dfb\u90fd\u5e02\u533a, 2B \u5206\u533a, \u5730\u5757 2-18, MU8<\/td>\n<\/tr>\n<tr style=\"height: 26px;\">\n<td style=\"height: 26px;\">\u571f\u5730\u9762\u79ef<\/td>\n<td style=\"height: 26px;\">7,885 \u5e73\u65b9\u7c73<\/td>\n<\/tr>\n<tr style=\"height: 26px;\">\n<td style=\"height: 26px;\">\u516c\u5bd3\u7c7b\u578b<\/td>\n<td style=\"height: 26px;\">\u4e00\u5367\u5ba4\u3001\u4e24\u5367\u5ba4\u3001\u4e24\u5367\u5ba4+1\u3001\u4e09\u5367\u5ba4\u3001\u56db\u5367\u5ba4\u3001\u9876\u5c42\u516c\u5bd3\u3001\u5546\u94fa\u4f4f\u5b85<\/td>\n<\/tr>\n<tr style=\"height: 26px;\">\n<td style=\"height: 26px;\">\u697c\u680b\u6570\u91cf<\/td>\n<td style=\"height: 26px;\">2 \u680b\u5854\u697c: N1, N2<\/td>\n<\/tr>\n<tr style=\"height: 26px;\">\n<td style=\"height: 26px;\">\u697c\u5c42\u6570\u91cf<\/td>\n<td style=\"height: 26px;\">2 \u5c42\u5730\u4e0b\u5ba4, 28 \u5c42\u5730\u4e0a\u697c\u5c42<\/td>\n<\/tr>\n<tr style=\"height: 26px;\">\n<td style=\"height: 26px;\">\u516c\u5bd3\u6570\u91cf<\/td>\n<td style=\"height: 26px;\">\u7ea6 280 \u5957\u516c\u5bd3, 2 \u5957\u9876\u5c42\u516c\u5bd3<\/td>\n<\/tr>\n<tr style=\"height: 26px;\">\n<td style=\"height: 26px;\">\u4ea4\u4ed8\u6807\u51c6<\/td>\n<td style=\"height: 26px;\">\u57fa\u7840\u5185\u9970\u4ea4\u4ed8\uff1a\u53a8\u623f\u6a71\u67dc\u7cfb\u7edf\u3001\u8863\u67dc\u3001\u6728\u5730\u677f\u3001\u57fa\u672c\u7167\u660e\u7cfb\u7edf\u3001\u536b\u751f\u6d01\u5177\u548c\u53a8\u623f\u8bbe\u5907<\/td>\n<\/tr>\n<tr style=\"height: 26px;\">\n<td style=\"height: 26px;\">\u5f00\u5de5\u65f6\u95f4<\/td>\n<td style=\"height: 26px;\">2025\u5e7411\u670808\u65e5<\/td>\n<\/tr>\n<tr style=\"height: 26px;\">\n<td style=\"height: 26px;\">\u9884\u8ba1\u4ea4\u4ed8\u65f6\u95f4<\/td>\n<td style=\"height: 26px;\">2028\u5e74\u521d<\/td>\n<\/tr>\n<tr style=\"height: 26px;\">\n<td style=\"height: 26px;\">\u552e\u4ef7<\/td>\n<td style=\"height: 26px;\">\u6bcf\u5e73\u65b9\u7c73 2.5 \u4ebf\u81f3 3.5 \u4ebf\u8d8a\u5357\u76fe<\/td>\n<\/tr>\n<tr style=\"height: 26px;\">\n<td style=\"height: 26px;\">\u4fbf\u5229\u8bbe\u65bd<\/td>\n<td style=\"height: 26px;\">\u65e0\u8fb9\u9645\u6cf3\u6c60\u3001\u5065\u8eab\u623f\u3001\u70e7\u70e4\u82b1\u56ed\u3001\u513f\u7ae5\u6e38\u4e50\u573a\u3001\u7535\u5f71\u9662\u3001\u745c\u4f3d\u5ba4\u3001\u5730\u4e0b\u505c\u8f66\u573a\u3001\u82b1\u56ed&#8230;<\/td>\n<\/tr>\n<\/tbody>\n<\/table>\n<\/div>\n<p><img loading=\"lazy\" class=\"alignnone size-full wp-image-10908\" src=\"https:\/\/empirecityhcmc.com\/wp-content\/uploads\/2025\/11\/Narra-Residences-can-ho-ban-cho-thue-4-scaled.jpeg\" alt=\"\" width=\"2560\" height=\"1440\" \/><\/p>\n<p class=\"ds-markdown-paragraph\"><strong>\u670d\u52a1\u4e0e\u5b89\u5168<\/strong><\/p>\n<p class=\"ds-markdown-paragraph\"><a href=\"https:\/\/empirecityhcmc.com\/zh\/empire-city-for-sale-cn\/narra-residences\/\"><strong>Narra Residences<\/strong><\/a> \u7684\u5c45\u6c11\u5c06\u4eab\u53d7 24\/24 \u5b89\u4fdd\u670d\u52a1\u3001\u5ba2\u4eba\u63a5\u9001\u534f\u52a9\uff0c\u4ee5\u53ca\u5927\u697c\u5185\u7684\u5168\u65e5\u9910\u5385\u548c\u96f6\u552e\u8bbe\u65bd\u3002<\/p>\n<p class=\"ds-markdown-paragraph\">\u591a\u6837\u4e30\u5bcc\u7684\u4fbf\u5229\u8bbe\u65bd\u7cfb\u7edf<\/p>\n<p class=\"ds-markdown-paragraph\">\u8be5\u9879\u76ee\u8bbe\u8ba1\u6709\u591a\u6837\u5316\u7684\u5185\u90e8\u4fbf\u5229\u8bbe\u65bd\uff0c\u4ece\u4f4e\u5c42\u5ef6\u4f38\u5230\u9ad8\u5c42\uff0c\u6ee1\u8db3\u4ece\u653e\u677e\u3001\u5a31\u4e50\u5230\u5065\u5eb7\u953b\u70bc\u7684\u6240\u6709\u9700\u6c42\uff1a<\/p>\n<ul>\n<li>\n<p class=\"ds-markdown-paragraph\">1\u697c\uff1a\u670d\u52a1\u4e2d\u5fc3\u3002<\/p>\n<\/li>\n<li>\n<p class=\"ds-markdown-paragraph\">4\u697c\uff1a\u513f\u7ae5\u6e38\u4e50\u533a\u3001\u513f\u7ae5\u6cf3\u6c60\u3001\u6237\u5916\u6e38\u4e50\u533a\u4ee5\u53ca\u5bb6\u5ead\u70e7\u70e4\u533a\uff0c\u8bbe\u67092\u4e2a\u533a\u57df\uff0c\u6bcf\u4e2a\u533a\u57df\u53ef\u5bb9\u7eb320\u4eba\u3002<\/p>\n<\/li>\n<li>\n<p class=\"ds-markdown-paragraph\">19\u697c\uff1a\u9ad8\u6807\u51c6\u4fdd\u9f84\u7403\u9986\uff0c\u8bbe\u67092\u6761\u7403\u9053\uff0c\u4ee5\u53ca\u793e\u533a\u529f\u80fd\u5ba4\u3002<\/p>\n<\/li>\n<li>\n<p class=\"ds-markdown-paragraph\">20\u697c\uff1a\u4e00\u4e2a\u7279\u522b\u7684\u7a7a\u95f4\uff0c\u8bbe\u6709\u957f50\u7c73\u7684\u65e0\u8fb9\u9645\u6cf3\u6c60\u3001\u4e13\u4f9b\u5c45\u6c11\u4f7f\u7528\u7684\u4f11\u606f\u5ba4\uff08\u53ef\u5bb9\u7eb350\u81f3100\u4f4d\u5ba2\u4eba\uff09\u3001\u5e26\u6851\u62ff\u548c\u745c\u4f3d\u5ba4\u7684\u4f53\u80b2\u5065\u8eab\u4e2d\u5fc3\uff0c\u4ee5\u53ca\u6237\u5916\u6309\u6469\u6d74\u7f38\u3002<\/p>\n<\/li>\n<\/ul>\n<p><img loading=\"lazy\" class=\"alignnone size-full wp-image-10909\" src=\"https:\/\/empirecityhcmc.com\/wp-content\/uploads\/2025\/11\/Narra-Residences-can-ho-ban-cho-thue-1-scaled.jpeg\" alt=\"\" width=\"2560\" height=\"1440\" \/><\/p>\n<p class=\"ds-markdown-paragraph\"><strong>\u8c6a\u534e\u516c\u5bd3\u7279\u70b9<\/strong><\/p>\n<p class=\"ds-markdown-paragraph\"><a href=\"https:\/\/empirecityhcmc.com\/zh\/empire-city-for-sale-cn\/narra-residences\/\"><strong>Narra Residences<\/strong><\/a> \u7684\u516c\u5bd3\u88c5\u4fee\u5b8c\u5584\uff0c\u62e5\u6709\u5bbd\u655e\u7684\u751f\u6d3b\u7a7a\u95f4\uff1a<\/p>\n<ul>\n<li>\n<p class=\"ds-markdown-paragraph\">\u4e2d\u5c42\u697c\u5c42\uff083 &#8211; 19\u5c42\uff09\uff1a\u5c42\u9ad8\u6700\u9ad8\u8fbe 3.4 \u7c73\uff08\u5730\u677f\u5230\u5929\u82b1\u677f\uff09\u3002<\/p>\n<\/li>\n<li>\n<p class=\"ds-markdown-paragraph\">\u9ad8\u5c42\u697c\u5c42\uff0820 &#8211; 27\u5c42\uff09\uff1a\u5c42\u9ad8\u6700\u9ad8\u8fbe 3.5 \u7c73\uff08\u5730\u677f\u5230\u5929\u82b1\u677f\uff09\u3002<\/p>\n<\/li>\n<li>\n<p class=\"ds-markdown-paragraph\">\u9876\u5c42\u516c\u5bd3\uff0828\u5c42\uff09\uff1a\u5c42\u9ad8\u4ece 4 \u7c73\u5230 7 \u7c73\u4e0d\u7b49\uff08\u5730\u677f\u5230\u5929\u82b1\u677f\uff09\uff0c\u6253\u9020\u51fa\u9876\u7ea7\u4e14\u5f00\u9614\u7684\u751f\u6d3b\u7a7a\u95f4\u3002<\/p>\n<\/li>\n<\/ul>\n<p class=\"ds-markdown-paragraph\">\u6bcf\u5957\u516c\u5bd3\u5747\u9644\u5e26\u5b8c\u6574\u5185\u9970\u4ea4\u4ed8\uff0c\u5305\u62ec\uff1a\u5730\u677f\u3001\u53a8\u623f\uff08\u6c34\u69fd\u3001\u62bd\u6cb9\u70df\u673a\u53ca\u7076\u5177\uff09\u3001\u8863\u67dc\u3001\u536b\u751f\u95f4\uff08\u5982\u9002\u7528\uff09\u3001\u7a7a\u8c03\u548c\u57fa\u672c\u7167\u660e\u7cfb\u7edf\u3002<\/p>\n<p><img loading=\"lazy\" class=\"alignnone size-full wp-image-10910\" src=\"https:\/\/empirecityhcmc.com\/wp-content\/uploads\/2025\/11\/Narra-Residences-can-ho-ban-cho-thue-5-scaled.jpeg\" alt=\"\" width=\"2560\" height=\"1440\" \/><\/p>\n<p class=\"ds-markdown-paragraph\">\u51ed\u501f\u5176\u9ec4\u91d1\u5730\u6bb5\u548c\u5353\u8d8a\u4ef7\u503c\uff0c<a href=\"https:\/\/empirecityhcmc.com\/zh\/empire-city-for-sale-cn\/narra-residences\/\"><strong>Narra Residences<\/strong><\/a> \u65e0\u6127\u4e3a\u4fbf\u6377\u3001\u73b0\u4ee3\u4e14\u8bbe\u65bd\u9f50\u5168\u751f\u6d3b\u7684\u7406\u60f3\u9009\u62e9\u3002<\/p>\n<p><\/p>","protected":false},"excerpt":{"rendered":"<p>Narra Residences &#8211; \u5c0a\u8d35\u751f\u6d3b\u6807\u51c6 Narra Residences \u81ea\u8c6a\u5730\u6210\u4e3a\u4e00 &hellip; <\/p>\n<p class=\"link-more\"><a href=\"https:\/\/empirecityhcmc.com\/zh\/empire-city-for-sale-cn\/apartment-for-sale-in-narra-residences-cn\/\" class=\"more-link\">Continue reading<span class=\"screen-reader-text\"> &#8220;Narra Residences&#8221;<\/span><\/a><\/p>\n","protected":false},"author":1,"featured_media":10908,"parent":16,"menu_order":14,"comment_status":"closed","ping_status":"closed","template":"templates\/page-bds-rent.php","meta":[],"yoast_head":"<!-- This site is optimized with the Yoast SEO plugin v16.2 - https:\/\/yoast.com\/wordpress\/plugins\/seo\/ -->\n<title>Narra Residences - Empire City \u516c\u5bd3\u51fa\u79df\u53ca\u51fa\u552e | \u6700\u65b0\u66f4\u65b0<\/title>\n<meta name=\"description\" content=\"Narra Residences t\u1ef1 h\u00e0o l\u00e0 m\u1ed9t d\u1ef1 \u00e1n c\u0103n h\u1ed9 cao c\u1ea5p, mang \u0111\u1ebfn m\u1ed9t kh\u00f4ng gian s\u1ed1ng \u0111\u1eb3ng c\u1ea5p v\u00e0 \u0111\u1ea7y \u0111\u1ee7 ti\u1ec7n nghi v\u1edbi quy m\u00f4 di\u1ec7n t\u00edch c\u00f4ng tr\u00ecnh l\u00ean \u0111\u1ebfn 7,885 m\u00b2. T\u00f2a nh\u00e0 bao g\u1ed3m 29 t\u1ea7ng n\u1ed5i v\u00e0 2 t\u1ea7ng h\u1ea7m, \u0111\u01b0\u1ee3c trang b\u1ecb h\u1ec7 th\u1ed1ng c\u01a1 s\u1edf v\u1eadt ch\u1ea5t hi\u1ec7n \u0111\u1ea1i, \u0111\u1ea3m b\u1ea3o an to\u00e0n v\u00e0 ti\u1ec7n l\u1ee3i t\u1ed1i \u0111a cho c\u01b0 d\u00e2n, bao g\u1ed3m m\u00e1y ph\u00e1t \u0111i\u1ec7n d\u1ef1 ph\u00f2ng 100% v\u00e0 h\u1ec7 th\u1ed1ng l\u1ecdc n\u01b0\u1edbc.\" \/>\n<meta name=\"robots\" content=\"index, follow, max-snippet:-1, max-image-preview:large, max-video-preview:-1\" \/>\n<link rel=\"canonical\" href=\"https:\/\/empirecityhcmc.com\/empire-city-ban\/can-ho-narra-residences-ban\/\" \/>\n<meta property=\"og:locale\" content=\"zh_CN\" \/>\n<meta property=\"og:type\" content=\"article\" \/>\n<meta property=\"og:title\" content=\"Narra Residences - Empire City \u516c\u5bd3\u51fa\u79df\u53ca\u51fa\u552e | \u6700\u65b0\u66f4\u65b0\" \/>\n<meta property=\"og:description\" content=\"{:vi}Narra Residences t\u1ef1 h\u00e0o l\u00e0 m\u1ed9t d\u1ef1 \u00e1n c\u0103n h\u1ed9 cao c\u1ea5p, mang \u0111\u1ebfn m\u1ed9t kh\u00f4ng gian s\u1ed1ng \u0111\u1eb3ng c\u1ea5p v\u00e0 \u0111\u1ea7y \u0111\u1ee7 ti\u1ec7n nghi v\u1edbi quy m\u00f4 di\u1ec7n t\u00edch c\u00f4ng tr\u00ecnh l\u00ean \u0111\u1ebfn 7,885 m\u00b2. T\u00f2a nh\u00e0 bao g\u1ed3m 29 t\u1ea7ng n\u1ed5i v\u00e0 2 t\u1ea7ng h\u1ea7m, \u0111\u01b0\u1ee3c trang b\u1ecb h\u1ec7 th\u1ed1ng c\u01a1 s\u1edf v\u1eadt ch\u1ea5t hi\u1ec7n \u0111\u1ea1i, \u0111\u1ea3m b\u1ea3o an to\u00e0n v\u00e0 ti\u1ec7n l\u1ee3i t\u1ed1i \u0111a cho c\u01b0 d\u00e2n, bao g\u1ed3m m\u00e1y ph\u00e1t \u0111i\u1ec7n d\u1ef1 ph\u00f2ng 100% v\u00e0 h\u1ec7 th\u1ed1ng l\u1ecdc n\u01b0\u1edbc.{:}\" \/>\n<meta property=\"og:url\" content=\"https:\/\/empirecityhcmc.com\/empire-city-ban\/can-ho-narra-residences-ban\/\" \/>\n<meta property=\"og:site_name\" content=\"Empire City \u516c\u5bd3\u51fa\u79df\u53ca\u51fa\u552e | \u6700\u65b0\u66f4\u65b0\" \/>\n<meta property=\"article:modified_time\" content=\"2025-11-09T07:37:34+00:00\" \/>\n<meta property=\"og:image\" content=\"https:\/\/empirecityhcmc.com\/wp-content\/uploads\/2025\/11\/Narra-Residences-can-ho-ban-cho-thue-4-scaled.jpeg\" \/>\n\t<meta property=\"og:image:width\" content=\"2560\" \/>\n\t<meta property=\"og:image:height\" content=\"1440\" \/>\n<meta name=\"twitter:card\" content=\"summary\" \/>\n<meta name=\"twitter:label1\" content=\"\u9884\u8ba1\u9605\u8bfb\u65f6\u95f4\">\n\t<meta name=\"twitter:data1\" content=\"4\u5206\">\n<script type=\"application\/ld+json\" class=\"yoast-schema-graph\">{\"@context\":\"https:\/\/schema.org\",\"@graph\":[{\"@type\":\"WebSite\",\"@id\":\"https:\/\/empirecityhcmc.com\/#website\",\"url\":\"https:\/\/empirecityhcmc.com\/\",\"name\":\"Empire City \\u516c\\u5bd3\\u51fa\\u79df\\u53ca\\u51fa\\u552e | \\u6700\\u65b0\\u66f4\\u65b0\",\"description\":\"Empire City \\u516c\\u5bd3\\u51fa\\u79df\\uff0cEmpire City \\u516c\\u5bd3\\u51fa\\u552e\\uff0c\\u5b8c\\u6574\\u4fe1\\u606f\\u3001\\u4ef7\\u683c\\u53ca\\u6237\\u578b\\u56fe\\uff0c\\u514d\\u8d39\\u4e13\\u4e1a\\u623f\\u5730\\u4ea7\\u670d\\u52a1\",\"potentialAction\":[{\"@type\":\"SearchAction\",\"target\":\"https:\/\/empirecityhcmc.com\/?s={search_term_string}\",\"query-input\":\"required name=search_term_string\"}],\"inLanguage\":\"zh-CN\"},{\"@type\":\"ImageObject\",\"@id\":\"https:\/\/empirecityhcmc.com\/empire-city-ban\/can-ho-narra-residences-ban\/#primaryimage\",\"inLanguage\":\"zh-CN\",\"url\":\"https:\/\/empirecityhcmc.com\/wp-content\/uploads\/2025\/11\/Narra-Residences-can-ho-ban-cho-thue-4-scaled.jpeg\",\"contentUrl\":\"https:\/\/empirecityhcmc.com\/wp-content\/uploads\/2025\/11\/Narra-Residences-can-ho-ban-cho-thue-4-scaled.jpeg\",\"width\":2560,\"height\":1440},{\"@type\":\"WebPage\",\"@id\":\"https:\/\/empirecityhcmc.com\/empire-city-ban\/can-ho-narra-residences-ban\/#webpage\",\"url\":\"https:\/\/empirecityhcmc.com\/empire-city-ban\/can-ho-narra-residences-ban\/\",\"name\":\"Narra Residences - Empire City \\u516c\\u5bd3\\u51fa\\u79df\\u53ca\\u51fa\\u552e | \\u6700\\u65b0\\u66f4\\u65b0\",\"isPartOf\":{\"@id\":\"https:\/\/empirecityhcmc.com\/#website\"},\"primaryImageOfPage\":{\"@id\":\"https:\/\/empirecityhcmc.com\/empire-city-ban\/can-ho-narra-residences-ban\/#primaryimage\"},\"datePublished\":\"2024-11-08T09:25:39+00:00\",\"dateModified\":\"2025-11-09T07:37:34+00:00\",\"description\":\"{:vi}Narra Residences t\\u1ef1 h\\u00e0o l\\u00e0 m\\u1ed9t d\\u1ef1 \\u00e1n c\\u0103n h\\u1ed9 cao c\\u1ea5p, mang \\u0111\\u1ebfn m\\u1ed9t kh\\u00f4ng gian s\\u1ed1ng \\u0111\\u1eb3ng c\\u1ea5p v\\u00e0 \\u0111\\u1ea7y \\u0111\\u1ee7 ti\\u1ec7n nghi v\\u1edbi quy m\\u00f4 di\\u1ec7n t\\u00edch c\\u00f4ng tr\\u00ecnh l\\u00ean \\u0111\\u1ebfn 7,885 m\\u00b2. T\\u00f2a nh\\u00e0 bao g\\u1ed3m 29 t\\u1ea7ng n\\u1ed5i v\\u00e0 2 t\\u1ea7ng h\\u1ea7m, \\u0111\\u01b0\\u1ee3c trang b\\u1ecb h\\u1ec7 th\\u1ed1ng c\\u01a1 s\\u1edf v\\u1eadt ch\\u1ea5t hi\\u1ec7n \\u0111\\u1ea1i, \\u0111\\u1ea3m b\\u1ea3o an to\\u00e0n v\\u00e0 ti\\u1ec7n l\\u1ee3i t\\u1ed1i \\u0111a cho c\\u01b0 d\\u00e2n, bao g\\u1ed3m m\\u00e1y ph\\u00e1t \\u0111i\\u1ec7n d\\u1ef1 ph\\u00f2ng 100% v\\u00e0 h\\u1ec7 th\\u1ed1ng l\\u1ecdc n\\u01b0\\u1edbc.{:}\",\"breadcrumb\":{\"@id\":\"https:\/\/empirecityhcmc.com\/empire-city-ban\/can-ho-narra-residences-ban\/#breadcrumb\"},\"inLanguage\":\"zh-CN\",\"potentialAction\":[{\"@type\":\"ReadAction\",\"target\":[\"https:\/\/empirecityhcmc.com\/empire-city-ban\/can-ho-narra-residences-ban\/\"]}]},{\"@type\":\"BreadcrumbList\",\"@id\":\"https:\/\/empirecityhcmc.com\/empire-city-ban\/can-ho-narra-residences-ban\/#breadcrumb\",\"itemListElement\":[{\"@type\":\"ListItem\",\"position\":1,\"item\":{\"@type\":\"WebPage\",\"@id\":\"https:\/\/empirecityhcmc.com\/\",\"url\":\"https:\/\/empirecityhcmc.com\/\",\"name\":\"Trang ch\\u1ee7\"}},{\"@type\":\"ListItem\",\"position\":2,\"item\":{\"@type\":\"WebPage\",\"@id\":\"https:\/\/empirecityhcmc.com\/empire-city-ban\/\",\"url\":\"https:\/\/empirecityhcmc.com\/empire-city-ban\/\",\"name\":\"Empire City B\\u00e1n\"}},{\"@type\":\"ListItem\",\"position\":3,\"item\":{\"@id\":\"https:\/\/empirecityhcmc.com\/empire-city-ban\/can-ho-narra-residences-ban\/#webpage\"}}]}]}<\/script>\n<!-- \/ Yoast SEO plugin. -->","_links":{"self":[{"href":"https:\/\/empirecityhcmc.com\/zh\/wp-json\/wp\/v2\/pages\/9934"}],"collection":[{"href":"https:\/\/empirecityhcmc.com\/zh\/wp-json\/wp\/v2\/pages"}],"about":[{"href":"https:\/\/empirecityhcmc.com\/zh\/wp-json\/wp\/v2\/types\/page"}],"author":[{"embeddable":true,"href":"https:\/\/empirecityhcmc.com\/zh\/wp-json\/wp\/v2\/users\/1"}],"replies":[{"embeddable":true,"href":"https:\/\/empirecityhcmc.com\/zh\/wp-json\/wp\/v2\/comments?post=9934"}],"version-history":[{"count":0,"href":"https:\/\/empirecityhcmc.com\/zh\/wp-json\/wp\/v2\/pages\/9934\/revisions"}],"up":[{"embeddable":true,"href":"https:\/\/empirecityhcmc.com\/zh\/wp-json\/wp\/v2\/pages\/16"}],"wp:featuredmedia":[{"embeddable":true,"href":"https:\/\/empirecityhcmc.com\/zh\/wp-json\/wp\/v2\/media\/10908"}],"wp:attachment":[{"href":"https:\/\/empirecityhcmc.com\/zh\/wp-json\/wp\/v2\/media?parent=9934"}],"curies":[{"name":"wp","href":"https:\/\/api.w.org\/{rel}","templated":true}]}}