{"id":9935,"date":"2024-11-08T09:26:04","date_gmt":"2024-11-08T09:26:04","guid":{"rendered":"https:\/\/empirecityhcmc.com\/?page_id=9935"},"modified":"2025-11-04T08:20:16","modified_gmt":"2025-11-04T08:20:16","slug":"empire-88-tower","status":"publish","type":"page","link":"https:\/\/empirecityhcmc.com\/zh\/empire-city-for-sale-cn\/empire-88-tower-cn\/","title":{"rendered":"Empire 88 Tower"},"content":{"rendered":"","protected":false},"excerpt":{"rendered":"","protected":false},"author":1,"featured_media":0,"parent":16,"menu_order":15,"comment_status":"closed","ping_status":"closed","template":"templates\/page-bds-rent.php","meta":[],"yoast_head":"<!-- This site is optimized with the Yoast SEO plugin v16.2 - https:\/\/yoast.com\/wordpress\/plugins\/seo\/ -->\n<title>Empire 88 Tower - Empire City \u516c\u5bd3\u51fa\u79df\u53ca\u51fa\u552e | \u6700\u65b0\u66f4\u65b0<\/title>\n<meta name=\"description\" content=\"Empire 88 Tower l\u00e0 t\u00f2a th\u00e1p cao t\u1ea7ng bao g\u1ed3m v\u0103n ph\u00f2ng, c\u0103n h\u1ed9, kh\u00e1ch s\u1ea1n, trung t\u00e2m th\u01b0\u01a1ng m\u1ea1i.\" \/>\n<meta name=\"robots\" content=\"index, follow, max-snippet:-1, max-image-preview:large, max-video-preview:-1\" \/>\n<link rel=\"canonical\" href=\"https:\/\/empirecityhcmc.com\/empire-city-ban\/empire-88-tower\/\" \/>\n<meta property=\"og:locale\" content=\"zh_CN\" \/>\n<meta property=\"og:type\" content=\"article\" \/>\n<meta property=\"og:title\" content=\"Empire 88 Tower - Empire City \u516c\u5bd3\u51fa\u79df\u53ca\u51fa\u552e | \u6700\u65b0\u66f4\u65b0\" \/>\n<meta property=\"og:description\" content=\"{:zh}Empire 88 Tower l\u00e0 t\u00f2a th\u00e1p cao t\u1ea7ng bao g\u1ed3m v\u0103n ph\u00f2ng, c\u0103n h\u1ed9, kh\u00e1ch s\u1ea1n, trung t\u00e2m th\u01b0\u01a1ng m\u1ea1i.{:}\" \/>\n<meta property=\"og:url\" content=\"https:\/\/empirecityhcmc.com\/empire-city-ban\/empire-88-tower\/\" \/>\n<meta property=\"og:site_name\" content=\"Empire City \u516c\u5bd3\u51fa\u79df\u53ca\u51fa\u552e | \u6700\u65b0\u66f4\u65b0\" \/>\n<meta property=\"article:modified_time\" content=\"2025-11-04T08:20:16+00:00\" \/>\n<meta name=\"twitter:card\" content=\"summary\" \/>\n<script type=\"application\/ld+json\" class=\"yoast-schema-graph\">{\"@context\":\"https:\/\/schema.org\",\"@graph\":[{\"@type\":\"WebSite\",\"@id\":\"https:\/\/empirecityhcmc.com\/#website\",\"url\":\"https:\/\/empirecityhcmc.com\/\",\"name\":\"Empire City \\u516c\\u5bd3\\u51fa\\u79df\\u53ca\\u51fa\\u552e | \\u6700\\u65b0\\u66f4\\u65b0\",\"description\":\"Empire City \\u516c\\u5bd3\\u51fa\\u79df\\uff0cEmpire City \\u516c\\u5bd3\\u51fa\\u552e\\uff0c\\u5b8c\\u6574\\u4fe1\\u606f\\u3001\\u4ef7\\u683c\\u53ca\\u6237\\u578b\\u56fe\\uff0c\\u514d\\u8d39\\u4e13\\u4e1a\\u623f\\u5730\\u4ea7\\u670d\\u52a1\",\"potentialAction\":[{\"@type\":\"SearchAction\",\"target\":\"https:\/\/empirecityhcmc.com\/?s={search_term_string}\",\"query-input\":\"required name=search_term_string\"}],\"inLanguage\":\"zh-CN\"},{\"@type\":\"WebPage\",\"@id\":\"https:\/\/empirecityhcmc.com\/empire-city-ban\/empire-88-tower\/#webpage\",\"url\":\"https:\/\/empirecityhcmc.com\/empire-city-ban\/empire-88-tower\/\",\"name\":\"Empire 88 Tower - Empire City \\u516c\\u5bd3\\u51fa\\u79df\\u53ca\\u51fa\\u552e | \\u6700\\u65b0\\u66f4\\u65b0\",\"isPartOf\":{\"@id\":\"https:\/\/empirecityhcmc.com\/#website\"},\"datePublished\":\"2024-11-08T09:26:04+00:00\",\"dateModified\":\"2025-11-04T08:20:16+00:00\",\"description\":\"{:zh}Empire 88 Tower l\\u00e0 t\\u00f2a th\\u00e1p cao t\\u1ea7ng bao g\\u1ed3m v\\u0103n ph\\u00f2ng, c\\u0103n h\\u1ed9, kh\\u00e1ch s\\u1ea1n, trung t\\u00e2m th\\u01b0\\u01a1ng m\\u1ea1i.{:}\",\"breadcrumb\":{\"@id\":\"https:\/\/empirecityhcmc.com\/empire-city-ban\/empire-88-tower\/#breadcrumb\"},\"inLanguage\":\"zh-CN\",\"potentialAction\":[{\"@type\":\"ReadAction\",\"target\":[\"https:\/\/empirecityhcmc.com\/empire-city-ban\/empire-88-tower\/\"]}]},{\"@type\":\"BreadcrumbList\",\"@id\":\"https:\/\/empirecityhcmc.com\/empire-city-ban\/empire-88-tower\/#breadcrumb\",\"itemListElement\":[{\"@type\":\"ListItem\",\"position\":1,\"item\":{\"@type\":\"WebPage\",\"@id\":\"https:\/\/empirecityhcmc.com\/\",\"url\":\"https:\/\/empirecityhcmc.com\/\",\"name\":\"Trang ch\\u1ee7\"}},{\"@type\":\"ListItem\",\"position\":2,\"item\":{\"@type\":\"WebPage\",\"@id\":\"https:\/\/empirecityhcmc.com\/empire-city-ban\/\",\"url\":\"https:\/\/empirecityhcmc.com\/empire-city-ban\/\",\"name\":\"Empire City B\\u00e1n\"}},{\"@type\":\"ListItem\",\"position\":3,\"item\":{\"@id\":\"https:\/\/empirecityhcmc.com\/empire-city-ban\/empire-88-tower\/#webpage\"}}]}]}<\/script>\n<!-- \/ Yoast SEO plugin. -->","_links":{"self":[{"href":"https:\/\/empirecityhcmc.com\/zh\/wp-json\/wp\/v2\/pages\/9935"}],"collection":[{"href":"https:\/\/empirecityhcmc.com\/zh\/wp-json\/wp\/v2\/pages"}],"about":[{"href":"https:\/\/empirecityhcmc.com\/zh\/wp-json\/wp\/v2\/types\/page"}],"author":[{"embeddable":true,"href":"https:\/\/empirecityhcmc.com\/zh\/wp-json\/wp\/v2\/users\/1"}],"replies":[{"embeddable":true,"href":"https:\/\/empirecityhcmc.com\/zh\/wp-json\/wp\/v2\/comments?post=9935"}],"version-history":[{"count":0,"href":"https:\/\/empirecityhcmc.com\/zh\/wp-json\/wp\/v2\/pages\/9935\/revisions"}],"up":[{"embeddable":true,"href":"https:\/\/empirecityhcmc.com\/zh\/wp-json\/wp\/v2\/pages\/16"}],"wp:attachment":[{"href":"https:\/\/empirecityhcmc.com\/zh\/wp-json\/wp\/v2\/media?parent=9935"}],"curies":[{"name":"wp","href":"https:\/\/api.w.org\/{rel}","templated":true}]}}